{"id":1164,"date":"2023-04-29T10:29:06","date_gmt":"2023-04-29T10:29:06","guid":{"rendered":"https:\/\/www.elb-avocats.fr\/?page_id=1164"},"modified":"2023-04-29T10:29:06","modified_gmt":"2023-04-29T10:29:06","slug":"accueil","status":"publish","type":"page","link":"https:\/\/www.elb-avocats.fr\/index.php\/accueil\/","title":{"rendered":"Accueil"},"content":{"rendered":"","protected":false},"excerpt":{"rendered":"","protected":false},"author":1,"featured_media":0,"parent":0,"menu_order":0,"comment_status":"closed","ping_status":"closed","template":"","meta":{"site-sidebar-layout":"default","site-content-layout":"default","ast-global-header-display":"","ast-main-header-display":"","ast-hfb-above-header-display":"","ast-hfb-below-header-display":"","ast-hfb-mobile-header-display":"","site-post-title":"","ast-breadcrumbs-content":"","ast-featured-img":"","footer-sml-layout":"","theme-transparent-header-meta":"","adv-header-id-meta":"","stick-header-meta":"","header-above-stick-meta":"","header-main-stick-meta":"","header-below-stick-meta":""},"yoast_head":"<!-- This site is optimized with the Yoast SEO plugin v20.9 - https:\/\/yoast.com\/wordpress\/plugins\/seo\/ -->\n<title>Accueil - Emmanuelle Bizien - Avocate droit de la famille - Docteur en droit<\/title>\n<meta name=\"robots\" content=\"index, follow, max-snippet:-1, max-image-preview:large, max-video-preview:-1\" \/>\n<link rel=\"canonical\" href=\"https:\/\/www.elb-avocats.fr\/index.php\/accueil\/\" \/>\n<meta property=\"og:locale\" content=\"fr_FR\" \/>\n<meta property=\"og:type\" content=\"article\" \/>\n<meta property=\"og:title\" content=\"Accueil - Emmanuelle Bizien - Avocate droit de la famille - Docteur en droit\" \/>\n<meta property=\"og:url\" content=\"https:\/\/www.elb-avocats.fr\/index.php\/accueil\/\" \/>\n<meta property=\"og:site_name\" content=\"Emmanuelle Bizien - Avocate droit de la famille - Docteur en droit\" \/>\n<meta name=\"twitter:card\" content=\"summary_large_image\" \/>\n<script type=\"application\/ld+json\" class=\"yoast-schema-graph\">{\"@context\":\"https:\/\/schema.org\",\"@graph\":[{\"@type\":\"WebPage\",\"@id\":\"https:\/\/www.elb-avocats.fr\/index.php\/accueil\/\",\"url\":\"https:\/\/www.elb-avocats.fr\/index.php\/accueil\/\",\"name\":\"Accueil - Emmanuelle Bizien - Avocate droit de la famille - Docteur en droit\",\"isPartOf\":{\"@id\":\"https:\/\/www.elb-avocats.fr\/#website\"},\"datePublished\":\"2023-04-29T10:29:06+00:00\",\"dateModified\":\"2023-04-29T10:29:06+00:00\",\"breadcrumb\":{\"@id\":\"https:\/\/www.elb-avocats.fr\/index.php\/accueil\/#breadcrumb\"},\"inLanguage\":\"fr-FR\",\"potentialAction\":[{\"@type\":\"ReadAction\",\"target\":[\"https:\/\/www.elb-avocats.fr\/index.php\/accueil\/\"]}]},{\"@type\":\"BreadcrumbList\",\"@id\":\"https:\/\/www.elb-avocats.fr\/index.php\/accueil\/#breadcrumb\",\"itemListElement\":[{\"@type\":\"ListItem\",\"position\":1,\"name\":\"Home\",\"item\":\"https:\/\/www.elb-avocats.fr\/\"},{\"@type\":\"ListItem\",\"position\":2,\"name\":\"Accueil\"}]},{\"@type\":\"WebSite\",\"@id\":\"https:\/\/www.elb-avocats.fr\/#website\",\"url\":\"https:\/\/www.elb-avocats.fr\/\",\"name\":\"Emmanuelle Bizien - Avocate droit de la famille - Docteur en droit\",\"description\":\"Recevez un soutien comp\u00e9tent et humain face aux moments difficiles pour surmonter et r\u00e9ussir votre divorce, votre s\u00e9paration et prendre soin de vos enfants\",\"publisher\":{\"@id\":\"https:\/\/www.elb-avocats.fr\/#organization\"},\"potentialAction\":[{\"@type\":\"SearchAction\",\"target\":{\"@type\":\"EntryPoint\",\"urlTemplate\":\"https:\/\/www.elb-avocats.fr\/?s={search_term_string}\"},\"query-input\":\"required name=search_term_string\"}],\"inLanguage\":\"fr-FR\"},{\"@type\":\"Organization\",\"@id\":\"https:\/\/www.elb-avocats.fr\/#organization\",\"name\":\"elb-avocat\",\"url\":\"https:\/\/www.elb-avocats.fr\/\",\"logo\":{\"@type\":\"ImageObject\",\"inLanguage\":\"fr-FR\",\"@id\":\"https:\/\/www.elb-avocats.fr\/#\/schema\/logo\/image\/\",\"url\":\"https:\/\/elb-avocats.fr\/wp-content\/uploads\/2022\/07\/cropped-cropped-Lawyer_Law_firm_Logo-removebg-preview-1.png\",\"contentUrl\":\"https:\/\/elb-avocats.fr\/wp-content\/uploads\/2022\/07\/cropped-cropped-Lawyer_Law_firm_Logo-removebg-preview-1.png\",\"width\":512,\"height\":512,\"caption\":\"elb-avocat\"},\"image\":{\"@id\":\"https:\/\/www.elb-avocats.fr\/#\/schema\/logo\/image\/\"},\"sameAs\":[\"https:\/\/www.instagram.com\/embizien.avocat\/?igshid=YmMyMTA2M2Y\"]}]}<\/script>\n<!-- \/ Yoast SEO plugin. -->","yoast_head_json":{"title":"Accueil - Emmanuelle Bizien - Avocate droit de la famille - Docteur en droit","robots":{"index":"index","follow":"follow","max-snippet":"max-snippet:-1","max-image-preview":"max-image-preview:large","max-video-preview":"max-video-preview:-1"},"canonical":"https:\/\/www.elb-avocats.fr\/index.php\/accueil\/","og_locale":"fr_FR","og_type":"article","og_title":"Accueil - Emmanuelle Bizien - Avocate droit de la famille - Docteur en droit","og_url":"https:\/\/www.elb-avocats.fr\/index.php\/accueil\/","og_site_name":"Emmanuelle Bizien - Avocate droit de la famille - Docteur en droit","twitter_card":"summary_large_image","schema":{"@context":"https:\/\/schema.org","@graph":[{"@type":"WebPage","@id":"https:\/\/www.elb-avocats.fr\/index.php\/accueil\/","url":"https:\/\/www.elb-avocats.fr\/index.php\/accueil\/","name":"Accueil - Emmanuelle Bizien - Avocate droit de la famille - Docteur en droit","isPartOf":{"@id":"https:\/\/www.elb-avocats.fr\/#website"},"datePublished":"2023-04-29T10:29:06+00:00","dateModified":"2023-04-29T10:29:06+00:00","breadcrumb":{"@id":"https:\/\/www.elb-avocats.fr\/index.php\/accueil\/#breadcrumb"},"inLanguage":"fr-FR","potentialAction":[{"@type":"ReadAction","target":["https:\/\/www.elb-avocats.fr\/index.php\/accueil\/"]}]},{"@type":"BreadcrumbList","@id":"https:\/\/www.elb-avocats.fr\/index.php\/accueil\/#breadcrumb","itemListElement":[{"@type":"ListItem","position":1,"name":"Home","item":"https:\/\/www.elb-avocats.fr\/"},{"@type":"ListItem","position":2,"name":"Accueil"}]},{"@type":"WebSite","@id":"https:\/\/www.elb-avocats.fr\/#website","url":"https:\/\/www.elb-avocats.fr\/","name":"Emmanuelle Bizien - Avocate droit de la famille - Docteur en droit","description":"Recevez un soutien comp\u00e9tent et humain face aux moments difficiles pour surmonter et r\u00e9ussir votre divorce, votre s\u00e9paration et prendre soin de vos enfants","publisher":{"@id":"https:\/\/www.elb-avocats.fr\/#organization"},"potentialAction":[{"@type":"SearchAction","target":{"@type":"EntryPoint","urlTemplate":"https:\/\/www.elb-avocats.fr\/?s={search_term_string}"},"query-input":"required name=search_term_string"}],"inLanguage":"fr-FR"},{"@type":"Organization","@id":"https:\/\/www.elb-avocats.fr\/#organization","name":"elb-avocat","url":"https:\/\/www.elb-avocats.fr\/","logo":{"@type":"ImageObject","inLanguage":"fr-FR","@id":"https:\/\/www.elb-avocats.fr\/#\/schema\/logo\/image\/","url":"https:\/\/elb-avocats.fr\/wp-content\/uploads\/2022\/07\/cropped-cropped-Lawyer_Law_firm_Logo-removebg-preview-1.png","contentUrl":"https:\/\/elb-avocats.fr\/wp-content\/uploads\/2022\/07\/cropped-cropped-Lawyer_Law_firm_Logo-removebg-preview-1.png","width":512,"height":512,"caption":"elb-avocat"},"image":{"@id":"https:\/\/www.elb-avocats.fr\/#\/schema\/logo\/image\/"},"sameAs":["https:\/\/www.instagram.com\/embizien.avocat\/?igshid=YmMyMTA2M2Y"]}]}},"_links":{"self":[{"href":"https:\/\/www.elb-avocats.fr\/index.php\/wp-json\/wp\/v2\/pages\/1164"}],"collection":[{"href":"https:\/\/www.elb-avocats.fr\/index.php\/wp-json\/wp\/v2\/pages"}],"about":[{"href":"https:\/\/www.elb-avocats.fr\/index.php\/wp-json\/wp\/v2\/types\/page"}],"author":[{"embeddable":true,"href":"https:\/\/www.elb-avocats.fr\/index.php\/wp-json\/wp\/v2\/users\/1"}],"replies":[{"embeddable":true,"href":"https:\/\/www.elb-avocats.fr\/index.php\/wp-json\/wp\/v2\/comments?post=1164"}],"version-history":[{"count":1,"href":"https:\/\/www.elb-avocats.fr\/index.php\/wp-json\/wp\/v2\/pages\/1164\/revisions"}],"predecessor-version":[{"id":1167,"href":"https:\/\/www.elb-avocats.fr\/index.php\/wp-json\/wp\/v2\/pages\/1164\/revisions\/1167"}],"wp:attachment":[{"href":"https:\/\/www.elb-avocats.fr\/index.php\/wp-json\/wp\/v2\/media?parent=1164"}],"curies":[{"name":"wp","href":"https:\/\/api.w.org\/{rel}","templated":true}]}}