{"id":867,"date":"2021-02-15T12:05:10","date_gmt":"2021-02-15T12:05:10","guid":{"rendered":"https:\/\/elb-avocats.fr\/index.php\/contact\/"},"modified":"2023-06-19T10:32:49","modified_gmt":"2023-06-19T10:32:49","slug":"contact","status":"publish","type":"page","link":"https:\/\/www.elb-avocats.fr\/index.php\/contact\/","title":{"rendered":"Contact"},"content":{"rendered":"\t\t<div data-elementor-type=\"wp-page\" data-elementor-id=\"867\" class=\"elementor elementor-867\">\n\t\t\t\t\t\t\t\t\t<section class=\"elementor-section elementor-top-section elementor-element elementor-element-2a7bb31 elementor-section-boxed elementor-section-height-default elementor-section-height-default\" data-id=\"2a7bb31\" data-element_type=\"section\" data-settings=\"{&quot;background_background&quot;:&quot;classic&quot;}\">\n\t\t\t\t\t\t\t<div class=\"elementor-background-overlay\"><\/div>\n\t\t\t\t\t\t\t<div class=\"elementor-container elementor-column-gap-no\">\n\t\t\t\t\t<div class=\"elementor-column elementor-col-50 elementor-top-column elementor-element elementor-element-0150d4c\" data-id=\"0150d4c\" data-element_type=\"column\">\n\t\t\t<div class=\"elementor-widget-wrap elementor-element-populated\">\n\t\t\t\t\t\t\t\t<div class=\"elementor-element elementor-element-41f4e2d elementor-widget elementor-widget-heading\" data-id=\"41f4e2d\" data-element_type=\"widget\" data-widget_type=\"heading.default\">\n\t\t\t\t<div class=\"elementor-widget-container\">\n\t\t\t<style>\/*! elementor - v3.14.0 - 18-06-2023 *\/\n.elementor-heading-title{padding:0;margin:0;line-height:1}.elementor-widget-heading .elementor-heading-title[class*=elementor-size-]>a{color:inherit;font-size:inherit;line-height:inherit}.elementor-widget-heading .elementor-heading-title.elementor-size-small{font-size:15px}.elementor-widget-heading .elementor-heading-title.elementor-size-medium{font-size:19px}.elementor-widget-heading .elementor-heading-title.elementor-size-large{font-size:29px}.elementor-widget-heading .elementor-heading-title.elementor-size-xl{font-size:39px}.elementor-widget-heading .elementor-heading-title.elementor-size-xxl{font-size:59px}<\/style><h1 class=\"elementor-heading-title elementor-size-large\">Contactez Ma\u00eetre Emmanuelle Bizien, Docteur en Droit, avocate en droit de la famille \u00e0 Cannes, \u00e0 la cour d'appel d'Aix en Provence : <\/h1>\t\t<\/div>\n\t\t\t\t<\/div>\n\t\t\t\t<div class=\"elementor-element elementor-element-2763afa elementor-view-stacked elementor-position-left elementor-shape-circle elementor-mobile-position-top elementor-vertical-align-top elementor-widget elementor-widget-icon-box\" data-id=\"2763afa\" data-element_type=\"widget\" data-widget_type=\"icon-box.default\">\n\t\t\t\t<div class=\"elementor-widget-container\">\n\t\t\t<link rel=\"stylesheet\" href=\"https:\/\/www.elb-avocats.fr\/wp-content\/plugins\/elementor\/assets\/css\/widget-icon-box.min.css\">\t\t<div class=\"elementor-icon-box-wrapper\">\n\t\t\t\t\t\t<div class=\"elementor-icon-box-icon\">\n\t\t\t\t<span class=\"elementor-icon elementor-animation-\" >\n\t\t\t\t<i aria-hidden=\"true\" class=\"fas fa-map-marker-alt\"><\/i>\t\t\t\t<\/span>\n\t\t\t<\/div>\n\t\t\t\t\t\t<div class=\"elementor-icon-box-content\">\n\t\t\t\t<div class=\"elementor-icon-box-title\">\n\t\t\t\t\t<span  >\n\t\t\t\t\t\tLe cabinet se situe : \t\t\t\t\t<\/span>\n\t\t\t\t<\/div>\n\t\t\t\t\t\t\t\t\t<p class=\"elementor-icon-box-description\">\n\t\t\t\t\t\t97 Rue d'Antibes, 06400 Cannes, France.\n\t\t\t\t\t<\/p>\n\t\t\t\t\t\t\t<\/div>\n\t\t<\/div>\n\t\t\t\t<\/div>\n\t\t\t\t<\/div>\n\t\t\t\t<div class=\"elementor-element elementor-element-af69444 elementor-view-stacked elementor-position-left elementor-shape-circle elementor-mobile-position-top elementor-vertical-align-top elementor-widget elementor-widget-icon-box\" data-id=\"af69444\" data-element_type=\"widget\" data-widget_type=\"icon-box.default\">\n\t\t\t\t<div class=\"elementor-widget-container\">\n\t\t\t\t\t<div class=\"elementor-icon-box-wrapper\">\n\t\t\t\t\t\t<div class=\"elementor-icon-box-icon\">\n\t\t\t\t<span class=\"elementor-icon elementor-animation-\" >\n\t\t\t\t<i aria-hidden=\"true\" class=\"fas fa-bus\"><\/i>\t\t\t\t<\/span>\n\t\t\t<\/div>\n\t\t\t\t\t\t<div class=\"elementor-icon-box-content\">\n\t\t\t\t<div class=\"elementor-icon-box-title\">\n\t\t\t\t\t<span  >\n\t\t\t\t\t\tOu s'arr\u00eater :\t\t\t\t\t<\/span>\n\t\t\t\t<\/div>\n\t\t\t\t\t\t\t\t\t<p class=\"elementor-icon-box-description\">\n\t\t\t\t\t\tPont R\u00e9publique \t\t\t\t\t<\/p>\n\t\t\t\t\t\t\t<\/div>\n\t\t<\/div>\n\t\t\t\t<\/div>\n\t\t\t\t<\/div>\n\t\t\t\t<div class=\"elementor-element elementor-element-d51170d elementor-view-stacked elementor-position-left elementor-shape-circle elementor-mobile-position-top elementor-vertical-align-top elementor-widget elementor-widget-icon-box\" data-id=\"d51170d\" data-element_type=\"widget\" data-widget_type=\"icon-box.default\">\n\t\t\t\t<div class=\"elementor-widget-container\">\n\t\t\t\t\t<div class=\"elementor-icon-box-wrapper\">\n\t\t\t\t\t\t<div class=\"elementor-icon-box-icon\">\n\t\t\t\t<span class=\"elementor-icon elementor-animation-\" >\n\t\t\t\t<i aria-hidden=\"true\" class=\"fas fa-phone\"><\/i>\t\t\t\t<\/span>\n\t\t\t<\/div>\n\t\t\t\t\t\t<div class=\"elementor-icon-box-content\">\n\t\t\t\t<div class=\"elementor-icon-box-title\">\n\t\t\t\t\t<span  >\n\t\t\t\t\t\tT\u00e9l\u00e9phone du cabinet :\t\t\t\t\t<\/span>\n\t\t\t\t<\/div>\n\t\t\t\t\t\t\t\t\t<p class=\"elementor-icon-box-description\">\n\t\t\t\t\t\t+ 33 (0)4 22 46 17 37<br>\t\t\t\t\t<\/p>\n\t\t\t\t\t\t\t<\/div>\n\t\t<\/div>\n\t\t\t\t<\/div>\n\t\t\t\t<\/div>\n\t\t\t\t<div class=\"elementor-element elementor-element-1767a28 elementor-view-stacked elementor-position-left elementor-shape-circle elementor-mobile-position-top elementor-vertical-align-top elementor-widget elementor-widget-icon-box\" data-id=\"1767a28\" data-element_type=\"widget\" data-widget_type=\"icon-box.default\">\n\t\t\t\t<div class=\"elementor-widget-container\">\n\t\t\t\t\t<div class=\"elementor-icon-box-wrapper\">\n\t\t\t\t\t\t<div class=\"elementor-icon-box-icon\">\n\t\t\t\t<span class=\"elementor-icon elementor-animation-\" >\n\t\t\t\t<i aria-hidden=\"true\" class=\"fas fa-mail-bulk\"><\/i>\t\t\t\t<\/span>\n\t\t\t<\/div>\n\t\t\t\t\t\t<div class=\"elementor-icon-box-content\">\n\t\t\t\t<div class=\"elementor-icon-box-title\">\n\t\t\t\t\t<span  >\n\t\t\t\t\t\tCourriel : \t\t\t\t\t<\/span>\n\t\t\t\t<\/div>\n\t\t\t\t\t\t\t\t\t<p class=\"elementor-icon-box-description\">\n\t\t\t\t\t\te.bizien@elb-avocats.fr\t\t\t\t\t<\/p>\n\t\t\t\t\t\t\t<\/div>\n\t\t<\/div>\n\t\t\t\t<\/div>\n\t\t\t\t<\/div>\n\t\t\t\t<div class=\"elementor-element elementor-element-9b5daf4 elementor-view-stacked elementor-position-left elementor-shape-circle elementor-mobile-position-top elementor-vertical-align-top elementor-widget elementor-widget-icon-box\" data-id=\"9b5daf4\" data-element_type=\"widget\" data-widget_type=\"icon-box.default\">\n\t\t\t\t<div class=\"elementor-widget-container\">\n\t\t\t\t\t<div class=\"elementor-icon-box-wrapper\">\n\t\t\t\t\t\t<div class=\"elementor-icon-box-icon\">\n\t\t\t\t<span class=\"elementor-icon elementor-animation-\" >\n\t\t\t\t<i aria-hidden=\"true\" class=\"far fa-check-circle\"><\/i>\t\t\t\t<\/span>\n\t\t\t<\/div>\n\t\t\t\t\t\t<div class=\"elementor-icon-box-content\">\n\t\t\t\t<div class=\"elementor-icon-box-title\">\n\t\t\t\t\t<span  >\n\t\t\t\t\t\tComment prendre rendez-vous aupr\u00e8s de Ma\u00eetre Emmanuelle Bizien, Docteur en Droit, avocate en droit de la famille\t\t\t\t\t<\/span>\n\t\t\t\t<\/div>\n\t\t\t\t\t\t\t\t\t<p class=\"elementor-icon-box-description\">\n\t\t\t\t\t\t\nVous avez le choix d'une consultation en pr\u00e9sentiel au cabinet, d'une consultation t\u00e9l\u00e9phonique ou d'un entretien en visio de 30 minutes \t\t\t\t\t<\/p>\n\t\t\t\t\t\t\t<\/div>\n\t\t<\/div>\n\t\t\t\t<\/div>\n\t\t\t\t<\/div>\n\t\t\t\t\t<\/div>\n\t\t<\/div>\n\t\t\t\t<div class=\"elementor-column elementor-col-50 elementor-top-column elementor-element elementor-element-8b8c489\" data-id=\"8b8c489\" data-element_type=\"column\">\n\t\t\t<div class=\"elementor-widget-wrap elementor-element-populated\">\n\t\t\t\t\t\t\t\t<div class=\"elementor-element elementor-element-fb0183e elementor-widget elementor-widget-google_maps\" data-id=\"fb0183e\" data-element_type=\"widget\" data-widget_type=\"google_maps.default\">\n\t\t\t\t<div class=\"elementor-widget-container\">\n\t\t\t<style>\/*! elementor - v3.14.0 - 18-06-2023 *\/\n.elementor-widget-google_maps .elementor-widget-container{overflow:hidden}.elementor-widget-google_maps .elementor-custom-embed{line-height:0}.elementor-widget-google_maps iframe{height:300px}<\/style>\t\t<div class=\"elementor-custom-embed\">\n\t\t\t<iframe loading=\"lazy\"\n\t\t\t\t\tsrc=\"https:\/\/maps.google.com\/maps?q=97%20Rue%20d%27Antibes%2C%2006400%20Cannes&#038;t=m&#038;z=16&#038;output=embed&#038;iwloc=near\"\n\t\t\t\t\ttitle=\"97 Rue d&#039;Antibes, 06400 Cannes\"\n\t\t\t\t\taria-label=\"97 Rue d&#039;Antibes, 06400 Cannes\"\n\t\t\t><\/iframe>\n\t\t<\/div>\n\t\t\t\t<\/div>\n\t\t\t\t<\/div>\n\t\t\t\t\t<\/div>\n\t\t<\/div>\n\t\t\t\t\t\t\t<\/div>\n\t\t<\/section>\n\t\t\t\t\t\t\t<\/div>\n\t\t","protected":false},"excerpt":{"rendered":"<p>Contactez Ma\u00eetre Emmanuelle Bizien, Docteur en Droit, avocate en droit de la famille \u00e0 Cannes, \u00e0 la cour d&rsquo;appel d&rsquo;Aix en Provence : Le cabinet se situe : 97 Rue d&rsquo;Antibes, 06400 Cannes, France. Ou s&rsquo;arr\u00eater : Pont R\u00e9publique T\u00e9l\u00e9phone du cabinet : + 33 (0)4 22 46 17 37 Courriel : e.bizien@elb-avocats.fr Comment prendre &hellip;<\/p>\n<p class=\"read-more\"> <a class=\"\" href=\"https:\/\/www.elb-avocats.fr\/index.php\/contact\/\"> <span class=\"screen-reader-text\">Contact<\/span> Lire la suite\u00a0\u00bb<\/a><\/p>\n","protected":false},"author":1,"featured_media":0,"parent":0,"menu_order":0,"comment_status":"closed","ping_status":"closed","template":"","meta":{"site-sidebar-layout":"no-sidebar","site-content-layout":"page-builder","ast-global-header-display":"","ast-main-header-display":"","ast-hfb-above-header-display":"","ast-hfb-below-header-display":"","ast-hfb-mobile-header-display":"","site-post-title":"disabled","ast-breadcrumbs-content":"disabled","ast-featured-img":"disabled","footer-sml-layout":"","theme-transparent-header-meta":"enabled","adv-header-id-meta":"","stick-header-meta":"","header-above-stick-meta":"","header-main-stick-meta":"","header-below-stick-meta":""},"yoast_head":"<!-- This site is optimized with the Yoast SEO plugin v20.9 - https:\/\/yoast.com\/wordpress\/plugins\/seo\/ -->\n<title>Contact - Emmanuelle Bizien - Avocate droit de la famille - Docteur en droit<\/title>\n<meta name=\"robots\" content=\"index, follow, max-snippet:-1, max-image-preview:large, max-video-preview:-1\" \/>\n<link rel=\"canonical\" href=\"https:\/\/www.elb-avocats.fr\/index.php\/contact\/\" \/>\n<meta property=\"og:locale\" content=\"fr_FR\" \/>\n<meta property=\"og:type\" content=\"article\" \/>\n<meta property=\"og:title\" content=\"Contact - Emmanuelle Bizien - Avocate droit de la famille - Docteur en droit\" \/>\n<meta property=\"og:description\" content=\"Contactez Ma\u00eetre Emmanuelle Bizien, Docteur en Droit, avocate en droit de la famille \u00e0 Cannes, \u00e0 la cour d&rsquo;appel d&rsquo;Aix en Provence : Le cabinet se situe : 97 Rue d&rsquo;Antibes, 06400 Cannes, France. Ou s&rsquo;arr\u00eater : Pont R\u00e9publique T\u00e9l\u00e9phone du cabinet : + 33 (0)4 22 46 17 37 Courriel : e.bizien@elb-avocats.fr Comment prendre &hellip; Contact Lire la suite\u00a0\u00bb\" \/>\n<meta property=\"og:url\" content=\"https:\/\/www.elb-avocats.fr\/index.php\/contact\/\" \/>\n<meta property=\"og:site_name\" content=\"Emmanuelle Bizien - Avocate droit de la famille - Docteur en droit\" \/>\n<meta property=\"article:modified_time\" content=\"2023-06-19T10:32:49+00:00\" \/>\n<meta name=\"twitter:card\" content=\"summary_large_image\" \/>\n<meta name=\"twitter:label1\" content=\"Dur\u00e9e de lecture estim\u00e9e\" \/>\n\t<meta name=\"twitter:data1\" content=\"1 minute\" \/>\n<script type=\"application\/ld+json\" class=\"yoast-schema-graph\">{\"@context\":\"https:\/\/schema.org\",\"@graph\":[{\"@type\":\"WebPage\",\"@id\":\"https:\/\/www.elb-avocats.fr\/index.php\/contact\/\",\"url\":\"https:\/\/www.elb-avocats.fr\/index.php\/contact\/\",\"name\":\"Contact - Emmanuelle Bizien - Avocate droit de la famille - Docteur en droit\",\"isPartOf\":{\"@id\":\"https:\/\/www.elb-avocats.fr\/#website\"},\"datePublished\":\"2021-02-15T12:05:10+00:00\",\"dateModified\":\"2023-06-19T10:32:49+00:00\",\"breadcrumb\":{\"@id\":\"https:\/\/www.elb-avocats.fr\/index.php\/contact\/#breadcrumb\"},\"inLanguage\":\"fr-FR\",\"potentialAction\":[{\"@type\":\"ReadAction\",\"target\":[\"https:\/\/www.elb-avocats.fr\/index.php\/contact\/\"]}]},{\"@type\":\"BreadcrumbList\",\"@id\":\"https:\/\/www.elb-avocats.fr\/index.php\/contact\/#breadcrumb\",\"itemListElement\":[{\"@type\":\"ListItem\",\"position\":1,\"name\":\"Home\",\"item\":\"https:\/\/www.elb-avocats.fr\/\"},{\"@type\":\"ListItem\",\"position\":2,\"name\":\"Contact\"}]},{\"@type\":\"WebSite\",\"@id\":\"https:\/\/www.elb-avocats.fr\/#website\",\"url\":\"https:\/\/www.elb-avocats.fr\/\",\"name\":\"Emmanuelle Bizien - Avocate droit de la famille - Docteur en droit\",\"description\":\"Recevez un soutien comp\u00e9tent et humain face aux moments difficiles pour surmonter et r\u00e9ussir votre divorce, votre s\u00e9paration et prendre soin de vos enfants\",\"publisher\":{\"@id\":\"https:\/\/www.elb-avocats.fr\/#organization\"},\"potentialAction\":[{\"@type\":\"SearchAction\",\"target\":{\"@type\":\"EntryPoint\",\"urlTemplate\":\"https:\/\/www.elb-avocats.fr\/?s={search_term_string}\"},\"query-input\":\"required name=search_term_string\"}],\"inLanguage\":\"fr-FR\"},{\"@type\":\"Organization\",\"@id\":\"https:\/\/www.elb-avocats.fr\/#organization\",\"name\":\"elb-avocat\",\"url\":\"https:\/\/www.elb-avocats.fr\/\",\"logo\":{\"@type\":\"ImageObject\",\"inLanguage\":\"fr-FR\",\"@id\":\"https:\/\/www.elb-avocats.fr\/#\/schema\/logo\/image\/\",\"url\":\"https:\/\/elb-avocats.fr\/wp-content\/uploads\/2022\/07\/cropped-cropped-Lawyer_Law_firm_Logo-removebg-preview-1.png\",\"contentUrl\":\"https:\/\/elb-avocats.fr\/wp-content\/uploads\/2022\/07\/cropped-cropped-Lawyer_Law_firm_Logo-removebg-preview-1.png\",\"width\":512,\"height\":512,\"caption\":\"elb-avocat\"},\"image\":{\"@id\":\"https:\/\/www.elb-avocats.fr\/#\/schema\/logo\/image\/\"},\"sameAs\":[\"https:\/\/www.instagram.com\/embizien.avocat\/?igshid=YmMyMTA2M2Y\"]}]}<\/script>\n<!-- \/ Yoast SEO plugin. -->","yoast_head_json":{"title":"Contact - Emmanuelle Bizien - Avocate droit de la famille - Docteur en droit","robots":{"index":"index","follow":"follow","max-snippet":"max-snippet:-1","max-image-preview":"max-image-preview:large","max-video-preview":"max-video-preview:-1"},"canonical":"https:\/\/www.elb-avocats.fr\/index.php\/contact\/","og_locale":"fr_FR","og_type":"article","og_title":"Contact - Emmanuelle Bizien - Avocate droit de la famille - Docteur en droit","og_description":"Contactez Ma\u00eetre Emmanuelle Bizien, Docteur en Droit, avocate en droit de la famille \u00e0 Cannes, \u00e0 la cour d&rsquo;appel d&rsquo;Aix en Provence : Le cabinet se situe : 97 Rue d&rsquo;Antibes, 06400 Cannes, France. Ou s&rsquo;arr\u00eater : Pont R\u00e9publique T\u00e9l\u00e9phone du cabinet : + 33 (0)4 22 46 17 37 Courriel : e.bizien@elb-avocats.fr Comment prendre &hellip; Contact Lire la suite\u00a0\u00bb","og_url":"https:\/\/www.elb-avocats.fr\/index.php\/contact\/","og_site_name":"Emmanuelle Bizien - Avocate droit de la famille - Docteur en droit","article_modified_time":"2023-06-19T10:32:49+00:00","twitter_card":"summary_large_image","twitter_misc":{"Dur\u00e9e de lecture estim\u00e9e":"1 minute"},"schema":{"@context":"https:\/\/schema.org","@graph":[{"@type":"WebPage","@id":"https:\/\/www.elb-avocats.fr\/index.php\/contact\/","url":"https:\/\/www.elb-avocats.fr\/index.php\/contact\/","name":"Contact - Emmanuelle Bizien - Avocate droit de la famille - Docteur en droit","isPartOf":{"@id":"https:\/\/www.elb-avocats.fr\/#website"},"datePublished":"2021-02-15T12:05:10+00:00","dateModified":"2023-06-19T10:32:49+00:00","breadcrumb":{"@id":"https:\/\/www.elb-avocats.fr\/index.php\/contact\/#breadcrumb"},"inLanguage":"fr-FR","potentialAction":[{"@type":"ReadAction","target":["https:\/\/www.elb-avocats.fr\/index.php\/contact\/"]}]},{"@type":"BreadcrumbList","@id":"https:\/\/www.elb-avocats.fr\/index.php\/contact\/#breadcrumb","itemListElement":[{"@type":"ListItem","position":1,"name":"Home","item":"https:\/\/www.elb-avocats.fr\/"},{"@type":"ListItem","position":2,"name":"Contact"}]},{"@type":"WebSite","@id":"https:\/\/www.elb-avocats.fr\/#website","url":"https:\/\/www.elb-avocats.fr\/","name":"Emmanuelle Bizien - Avocate droit de la famille - Docteur en droit","description":"Recevez un soutien comp\u00e9tent et humain face aux moments difficiles pour surmonter et r\u00e9ussir votre divorce, votre s\u00e9paration et prendre soin de vos enfants","publisher":{"@id":"https:\/\/www.elb-avocats.fr\/#organization"},"potentialAction":[{"@type":"SearchAction","target":{"@type":"EntryPoint","urlTemplate":"https:\/\/www.elb-avocats.fr\/?s={search_term_string}"},"query-input":"required name=search_term_string"}],"inLanguage":"fr-FR"},{"@type":"Organization","@id":"https:\/\/www.elb-avocats.fr\/#organization","name":"elb-avocat","url":"https:\/\/www.elb-avocats.fr\/","logo":{"@type":"ImageObject","inLanguage":"fr-FR","@id":"https:\/\/www.elb-avocats.fr\/#\/schema\/logo\/image\/","url":"https:\/\/elb-avocats.fr\/wp-content\/uploads\/2022\/07\/cropped-cropped-Lawyer_Law_firm_Logo-removebg-preview-1.png","contentUrl":"https:\/\/elb-avocats.fr\/wp-content\/uploads\/2022\/07\/cropped-cropped-Lawyer_Law_firm_Logo-removebg-preview-1.png","width":512,"height":512,"caption":"elb-avocat"},"image":{"@id":"https:\/\/www.elb-avocats.fr\/#\/schema\/logo\/image\/"},"sameAs":["https:\/\/www.instagram.com\/embizien.avocat\/?igshid=YmMyMTA2M2Y"]}]}},"_links":{"self":[{"href":"https:\/\/www.elb-avocats.fr\/index.php\/wp-json\/wp\/v2\/pages\/867"}],"collection":[{"href":"https:\/\/www.elb-avocats.fr\/index.php\/wp-json\/wp\/v2\/pages"}],"about":[{"href":"https:\/\/www.elb-avocats.fr\/index.php\/wp-json\/wp\/v2\/types\/page"}],"author":[{"embeddable":true,"href":"https:\/\/www.elb-avocats.fr\/index.php\/wp-json\/wp\/v2\/users\/1"}],"replies":[{"embeddable":true,"href":"https:\/\/www.elb-avocats.fr\/index.php\/wp-json\/wp\/v2\/comments?post=867"}],"version-history":[{"count":28,"href":"https:\/\/www.elb-avocats.fr\/index.php\/wp-json\/wp\/v2\/pages\/867\/revisions"}],"predecessor-version":[{"id":1310,"href":"https:\/\/www.elb-avocats.fr\/index.php\/wp-json\/wp\/v2\/pages\/867\/revisions\/1310"}],"wp:attachment":[{"href":"https:\/\/www.elb-avocats.fr\/index.php\/wp-json\/wp\/v2\/media?parent=867"}],"curies":[{"name":"wp","href":"https:\/\/api.w.org\/{rel}","templated":true}]}}